{"id":10,"date":"2020-03-04T07:30:39","date_gmt":"2020-03-04T06:30:39","guid":{"rendered":"http:\/\/proficon.monty.com\/?page_id=3"},"modified":"2023-06-14T00:30:24","modified_gmt":"2023-06-13T22:30:24","slug":"ochrana-soukromi","status":"publish","type":"page","link":"https:\/\/www.proficon.sk\/cz\/ochrana-soukromi\/","title":{"rendered":"Z\u00e1sady ochrany osobn\u00edch \u00fadaj\u016f"},"content":{"rendered":"\n<p>Osobn\u00ed \u00fadaje zpracov\u00e1v\u00e1me v souladu s Na\u0159\u00edzen\u00edm Evropsk\u00e9ho parlamentu a Radou 2016\/679 o ochran\u011b fyzick\u00fdch osob p\u0159i zpracov\u00e1v\u00e1n\u00ed osobn\u00edch \u00fadaj\u016f a voln\u00e9m pohybu takov\u00fdch \u00fadaj\u016f (d\u00e1le jen \u201eGDPR\u201c) a z\u00e1konem \u010d. 2016\/679 18\/2018 Z.&nbsp;z. o&amp;ochrane osobn\u00edch \u00fadaj\u016f (d\u00e1le jen \u201ez\u00e1kon o OOU\u201c). Bezpe\u010dnost osobn\u00edch \u00fadaj\u016f a jejich zpracov\u00e1n\u00ed z\u00e1konn\u00fdm zp\u016fsobem je pro n\u00e1s prvo\u0159ad\u00e9. Zde se dozv\u00edte, jak va\u0161e osobn\u00ed \u00fadaje zpracov\u00e1v\u00e1me a jak dos\u00e1hneme jejich bezpe\u010dnosti.<\/p>\n\n\n\n<h2 class=\"wp-block-heading\">Na\u0161e \u00fadaje<\/h2>\n\n\n\n<h3 class=\"wp-block-heading\">Kdo jsme?<\/h3>\n\n\n\n<p>Osobn\u00ed \u00fadaje zpracov\u00e1v\u00e1<br><strong>Obchodn\u00ed jm\u00e9no: V\u00e1mo\u0161 stav s.r.o.<\/strong><br>reg.: Obchodn\u00ed rejst\u0159\u00edk Okresn\u00edho soudu Bratislava I., odd. Sro., vl. \u010dj. 139676\/B<br>S\u00eddlo: Bojnick\u00e1 22, Bratislava &#8211; m\u011bstsk\u00e1 \u010d\u00e1st Nov\u00e9 M\u011bsto 831 04 <\/p>\n\n\n\n<p>I\u010c: 52 584 071<br>DI\u010c: 2121080225<br>I\u010c DPH: CS 2121080225<\/p>\n\n\n\n<p>Kontaktn\u00ed osoba: <a href=\"https:\/\/www.orsr.cz\/hladaj_osoba.asp?PR=V%E1mo%9A&amp;JM\u00c9NO=Richard&amp;SID=0&amp;T=f0&amp;R=0\">Richard\u00a0V\u00e1mo\u0161<\/a><br>Email: info@vamosstav.sk<br>Tel.: +421 903 249 841<\/p>\n\n\n\n<p>(d\u00e1le jen \u201e<strong>provozovatel<\/strong>\u201c).<\/p>\n\n\n\n<h2 class=\"wp-block-heading\">Kategorie osobn\u00edch \u00fadaj\u016f, \u00fa\u010del,&nbsp;pr\u00e1vn\u00ed z\u00e1klad a&nbsp;obdob\u00ed<\/h2>\n\n\n\n<h3 class=\"wp-block-heading\">Jak\u00e9 osobn\u00ed \u00fadaje zpracov\u00e1v\u00e1me, pro jak\u00fd \u00fa\u010del, na jak\u00e9m pr\u00e1vn\u00edm z\u00e1klad\u011b a na jak\u00e9 obdob\u00ed?<\/h3>\n\n\n\n<p>Zpracov\u00e1v\u00e1me pouze ty osobn\u00ed \u00fadaje, kter\u00e9 nutn\u011b pot\u0159ebujeme k dosa\u017een\u00ed stanoven\u00e9ho \u00fa\u010delu. Osobn\u00ed \u00fadaje zpracov\u00e1v\u00e1me pro tento \u00fa\u010del:<\/p>\n\n\n\n<h3 class=\"wp-block-heading\">\u00da\u010detn\u00ed agenda<\/h3>\n\n\n\n<p>Osobn\u00ed \u00fadaje osob veden\u00fdch v \u00fa\u010detnictv\u00ed zpracov\u00e1v\u00e1me v rozsahu titul, jm\u00e9no, p\u0159\u00edjmen\u00ed, adresa pro faktura\u010dn\u00ed \u00fa\u010dely, \u010d\u00edslo bankovn\u00edho \u00fa\u010dtu, \u00fadaje o platb\u00e1ch, tel. \u010d., email, podpis pro \u00fa\u010dely veden\u00ed \u00fa\u010detnictv\u00ed a pln\u011bn\u00ed si povinnost\u00ed vypl\u00fdvaj\u00edc\u00edch ze z\u00e1kona o \u00fa\u010detnictv\u00ed a jin\u00fdch relevantn\u00edch pr\u00e1vn\u00edch p\u0159edpis\u016f. Pr\u00e1vn\u00edm z\u00e1kladem pro zpracov\u00e1n\u00ed osobn\u00edch \u00fadaj\u016f je pln\u011bn\u00ed z\u00e1konn\u00fdch povinnost\u00ed. \u00da\u010detn\u00ed doklady uchov\u00e1v\u00e1me 10 let.<\/p>\n\n\n\n<h3 class=\"wp-block-heading\">Prodej zbo\u017e\u00ed a slu\u017eeb<\/h3>\n\n\n\n<p>Osobn\u00ed \u00fadaje osob z\u00e1kazn\u00edk\u016f zpracov\u00e1v\u00e1me v rozsahu titul, jm\u00e9no, p\u0159\u00edjmen\u00ed, adresa pro faktura\u010dn\u00ed \u00fa\u010dely, adresa pro doru\u010den\u00ed, \u010d\u00edslo bankovn\u00edho \u00fa\u010dtu, \u00fadaje o platb\u00e1ch, tel. \u010d., email, podpis pro \u00fa\u010dely uzav\u0159en\u00ed a pln\u011bn\u00ed smlouvy. Pr\u00e1vn\u00edm z\u00e1kladem pro zpracov\u00e1n\u00ed osobn\u00edch \u00fadaj\u016f je pln\u011bn\u00ed smlouvy. Osobn\u00ed \u00fadaje uchov\u00e1v\u00e1me po dobu 5 let.<\/p>\n\n\n\n<h3 class=\"wp-block-heading\">Kontaktn\u00ed formul\u00e1\u0159 pro z\u00e1jemce<\/h3>\n\n\n\n<p>Osobn\u00ed \u00fadaje z\u00e1jemc\u016f zpracov\u00e1v\u00e1me v rozsahu titul, jm\u00e9no, p\u0159\u00edjmen\u00ed, email, telefonn\u00ed kontakt a p\u0159edm\u011bt zpr\u00e1vy za \u00fa\u010delem p\u0159ijet\u00ed a vy\u0159\u00edzen\u00ed va\u0161\u00ed popt\u00e1vky. Pr\u00e1vn\u00edm z\u00e1kladem zpracov\u00e1n\u00ed t\u011bchto osobn\u00edch \u00fadaj\u016f je pln\u011bn\u00ed smlouvy, resp. p\u0159edsmluvn\u00edch vztah\u016f. Osobn\u00ed \u00fadaje uchov\u00e1v\u00e1me 6 m\u011bs\u00edc\u016f.<\/p>\n\n\n\n<h3 class=\"wp-block-heading\">Kontaktn\u00ed formul\u00e1\u0159 pro obchodn\u00ed partnery<\/h3>\n\n\n\n<p>Osobn\u00ed \u00fadaje obchodn\u00edch partner\u016f zpracov\u00e1v\u00e1me v rozsahu obchodn\u00edho jm\u00e9na, kontaktn\u00ed \u00fadaje za \u00fa\u010delem uzav\u0159en\u00ed smluvn\u00edho vztahu. Pr\u00e1vn\u00edm z\u00e1kladem zpracov\u00e1n\u00ed t\u011bchto osobn\u00edch \u00fadaj\u016f je pln\u011bn\u00ed smlouvy, resp. p\u0159edsmluvn\u00edch vztah\u016f. Osobn\u00ed \u00fadaje uchov\u00e1v\u00e1me 6 m\u011bs\u00edc\u016f.<\/p>\n\n\n\n<h3 class=\"wp-block-heading\">Zas\u00edl\u00e1n\u00ed newsletteru z\u00e1kazn\u00edk\u016fm<\/h3>\n\n\n\n<p>Osobn\u00ed \u00fadaje st\u00e1vaj\u00edc\u00edch z\u00e1kazn\u00edk\u016f zpracov\u00e1v\u00e1me v rozsahu titul, jm\u00e9no, p\u0159\u00edjmen\u00ed a email za \u00fa\u010delem zas\u00edl\u00e1n\u00ed newsletteru na pr\u00e1vn\u00edm z\u00e1klad\u011b opr\u00e1vn\u011bn\u00e9ho z\u00e1jmu, kter\u00fdm je informov\u00e1n\u00ed o \u010dinnosti provozovatele a p\u0159\u00edm\u00fd marketing. Tyto osobn\u00ed \u00fadaje zpracov\u00e1v\u00e1me po dobu 5 let. Z\u00e1kazn\u00edk m\u016f\u017ee kdykoli nam\u00edtat zpracov\u00e1n\u00ed osobn\u00edch \u00fadaj\u016f a odhl\u00e1sit se z newsletteru kliknut\u00edm na link, kter\u00fd je v pati\u010dce ka\u017ed\u00e9ho mailu.<\/p>\n\n\n\n<h3 class=\"wp-block-heading\">Spr\u00e1va soci\u00e1ln\u00edch s\u00edt\u00ed<\/h3>\n\n\n\n<p>Osobn\u00ed \u00fadaje fanou\u0161k\u016f na\u0161ich ofici\u00e1ln\u00edch str\u00e1nek na soci\u00e1ln\u00edch s\u00edt\u00edch zpracov\u00e1v\u00e1me pro \u00fa\u010dely spr\u00e1vy soci\u00e1ln\u00edch s\u00edt\u00ed. Pr\u00e1vn\u00edm z\u00e1kladem pro zpracov\u00e1n\u00ed osobn\u00edch \u00fadaj\u016f je opr\u00e1vn\u011bn\u00fd z\u00e1jem, kter\u00fdm je prezentace provozovatele a jeho slu\u017eeb prost\u0159ednictv\u00edm soci\u00e1ln\u00edch s\u00edt\u00ed. Osobn\u00ed \u00fadaje zpracov\u00e1v\u00e1me po celou dobu, ne\u017e jste fanou\u0161kem na\u0161\u00ed str\u00e1nky.<\/p>\n\n\n\n<h3 class=\"wp-block-heading\">Cookies<\/h3>\n\n\n\n<p>Cookies zpracov\u00e1v\u00e1me pro zaji\u0161t\u011bn\u00ed funk\u010dnosti na\u0161\u00ed webov\u00e9 str\u00e1nky a jej\u00edho snadn\u011bj\u0161\u00edho pou\u017e\u00edv\u00e1n\u00ed a pro reklamn\u00ed \u00fa\u010dely. Pr\u00e1vn\u00edm z\u00e1kladem pro zpracov\u00e1n\u00ed cookies je v\u00e1\u0161 souhlas, kter\u00fd n\u00e1m d\u00e1te zakliknut\u00edm p\u0159\u00edslu\u0161n\u00e9ho tla\u010d\u00edtka na cookies li\u0161t\u011b. Cookies uchov\u00e1v\u00e1me 15 m\u011bs\u00edc\u016f.<\/p>\n\n\n\n<h2 class=\"wp-block-heading\">Souhlas<\/h2>\n\n\n\n<p>Ve v\u00fd\u0161e uveden\u00fdch p\u0159\u00edpadech zpracov\u00e1v\u00e1me va\u0161e osobn\u00ed \u00fadaje na pr\u00e1vn\u00edm z\u00e1klad\u011b souhlasu, tzn. jen s va\u0161\u00edm souhlasem. Tento souhlas m\u016f\u017eete kdykoli odvolat, a to zasl\u00e1n\u00edm ozn\u00e1men\u00ed na n\u00e1\u0161 email nebo v p\u0159\u00edpad\u011b cookies zm\u011bnou nastaven\u00ed prohl\u00ed\u017ee\u010de.<\/p>\n\n\n\n<h2 class=\"wp-block-heading\">P\u0159\u00edjemci<\/h2>\n\n\n\n<h3 class=\"wp-block-heading\">Komu poskytujeme Va\u0161e osobn\u00ed \u00fadaje?<\/h3>\n\n\n\n<p>Osobn\u00ed \u00fadaje poskytujeme t\u0159et\u00ed osob\u011b, jen pokud n\u00e1m to vypl\u00fdv\u00e1 z zvl\u00e1\u0161tn\u00edho z\u00e1kona nebo je to nezbytn\u00e9 k pln\u011bn\u00ed smlouvy. Jde zejm\u00e9na o org\u00e1ny ve\u0159ejn\u00e9 spr\u00e1vy a jin\u00e9 opr\u00e1vn\u011bn\u00e9 subjekty.<\/p>\n\n\n\n<p>Va\u0161e osobn\u00ed \u00fadaje d\u00e1le poskytujeme zprost\u0159edkovatel\u016fm, kte\u0159\u00ed n\u00e1m dod\u00e1vaj\u00ed odborn\u00e9 a specializovan\u00e9 slu\u017eby. S ka\u017ed\u00fdm zprost\u0159edkovatelem jsme uzav\u0159eli smlouvu o zpracov\u00e1v\u00e1n\u00ed osobn\u00edch \u00fadaj\u016f a zav\u00e1zali je ml\u010denlivost\u00ed. Zpracov\u00e1v\u00e1n\u00edm osobn\u00edch \u00fadaj\u016f jsme pov\u011b\u0159ili:<\/p>\n\n\n\n<ul class=\"wp-block-list\">\n<li>poskytovatele web hostingu,<\/li>\n\n\n\n<li>spr\u00e1vce webov\u00e9 str\u00e1nky,<\/li>\n\n\n\n<li>online aplikaci pro fakturaci<\/li>\n\n\n\n<li>online aplikaci pro rozes\u00edl\u00e1n\u00ed email\u016f.<\/li>\n<\/ul>\n\n\n\n<h2 class=\"wp-block-heading\">T\u0159et\u00ed zem\u011b<\/h2>\n\n\n\n<h3 class=\"wp-block-heading\">Kam p\u0159en\u00e1\u0161\u00edme va\u0161e osobn\u00ed \u00fadaje?<\/h3>\n\n\n\n<p>Osobn\u00ed \u00fadaje p\u0159en\u00e1\u0161\u00edme do t\u0159et\u00ed zem\u011b, a to do USA. Uveden\u00e1 zem\u011b poskytuje p\u0159im\u011b\u0159en\u00e9 z\u00e1ruky za bezpe\u010dnost va\u0161ich osobn\u00edch \u00fadaj\u016f.<\/p>\n\n\n\n<h2 class=\"wp-block-heading\">St\u00ed\u017enost<\/h2>\n\n\n\n<h3 class=\"wp-block-heading\">Nejste spokojeni?<\/h3>\n\n\n\n<p>Pokud nejste spokojen s t\u00edm, jak zpracov\u00e1v\u00e1me va\u0161e osobn\u00ed \u00fadaje, m\u016f\u017eete n\u00e1m d\u00e1t o tom v\u011bd\u011bt na email info@vamosstav.sk.Tak\u00e9 m\u00e1te mo\u017enost podat st\u00ed\u017enost na \u00da\u0159ad pro ochranu osobn\u00edch \u00fadaj\u016f, pokud si mysl\u00edte, \u017ee va\u0161e osobn\u00ed \u00fadaje zpracov\u00e1v\u00e1me nez\u00e1konn\u011b.<\/p>\n\n\n\n<p>\u00da\u0159ad na ochranu osobn\u00edch \u00fadaj\u016f<br>Hrani\u010dn\u00e1 12, 820 07 Bratislava<br>Email: <a href=\"mailto:statny.dozor@pdp.gov.sk\">statny.dozor@pdp.gov.sk<\/a><\/p>\n\n\n\n<h2 class=\"wp-block-heading\">Zp\u016fsob zpracov\u00e1n\u00ed osobn\u00edch \u00fadaj\u016f<\/h2>\n\n\n\n<h3 class=\"wp-block-heading\">Jak zpracov\u00e1v\u00e1me va\u0161e osobn\u00ed \u00fadaje?<\/h3>\n\n\n\n<p>Osobn\u00ed \u00fadaje zpracov\u00e1v\u00e1me v elektronick\u00e9 a listinn\u00e9 form\u011b. Nevyu\u017e\u00edv\u00e1me \u017e\u00e1dn\u00e9 prost\u0159edky automatizovan\u00e9ho individu\u00e1ln\u00edho rozhodov\u00e1n\u00ed. Vedeme z\u00e1znamy o v\u0161ech zpracovatelsk\u00fdch \u010dinnostech a m\u00e1me zaveden\u00e1 pot\u0159ebn\u00e1 technick\u00e1 a organiza\u010dn\u00ed bezpe\u010dnostn\u00ed opat\u0159en\u00ed k zaji\u0161t\u011bn\u00ed ochrany osobn\u00edch \u00fadaj\u016f.<\/p>\n\n\n\n<h2 class=\"wp-block-heading\">Pr\u00e1va subjektu \u00fadaj\u016f<\/h2>\n\n\n\n<h3 class=\"wp-block-heading\">Jak\u00e9 m\u00e1te jako doty\u010dn\u00e1 osoba pr\u00e1va?<\/h3>\n\n\n\n<p>GDPR V\u00e1m p\u0159izn\u00e1v\u00e1 ur\u010dit\u00e1 pr\u00e1va, kter\u00fdmi m\u016f\u017eete ovlivnit, jak zpracov\u00e1v\u00e1me va\u0161e osobn\u00ed \u00fadaje. Ne v\u0161echna pr\u00e1va v\u0161ak m\u016f\u017eete uplatnit za ka\u017ed\u00fdch okolnost\u00ed. Je t\u0159eba p\u0159itom vych\u00e1zet z pr\u00e1vn\u00edho z\u00e1kladu zpracov\u00e1n\u00ed osobn\u00edch \u00fadaj\u016f.<\/p>\n\n\n\n<ol class=\"wp-block-list\" type=\"a\">\n<li><strong>Pr\u00e1vo na p\u0159\u00edstup k \u00fadaj\u016fm<\/strong><br>M\u00e1te pr\u00e1vo v\u011bd\u011bt, zda zpracov\u00e1v\u00e1me va\u0161e osobn\u00ed \u00fadaje. Pokud je zpracov\u00e1v\u00e1me, m\u016f\u017eete n\u00e1s po\u017e\u00e1dat o p\u0159\u00edstup k dat\u016fm. Na z\u00e1klad\u011b va\u0161\u00ed \u017e\u00e1dosti vyd\u00e1me potvrzen\u00ed s informacemi o zpracov\u00e1v\u00e1n\u00ed va\u0161ich osobn\u00edch \u00fadaj\u016f na\u0161\u00ed spole\u010dnost\u00ed.<\/li>\n\n\n\n<li><strong>Pr\u00e1vo na opravu<\/strong><br>M\u00e1te pr\u00e1vo na to, aby va\u0161e osobn\u00ed \u00fadaje, kter\u00e9 zpracov\u00e1v\u00e1me, byly spr\u00e1vn\u00e9, \u00fapln\u00e9 a aktu\u00e1ln\u00ed. Pokud jsou nespr\u00e1vn\u00e9 nebo neaktu\u00e1ln\u00ed, m\u016f\u017eete n\u00e1s po\u017e\u00e1dat o opravu nebo dopln\u011bn\u00ed. Opravu provedeme bez zbyte\u010dn\u00e9ho odkladu s ohledem na technick\u00e9 mo\u017enosti.<\/li>\n<\/ol>\n\n\n\n<ol class=\"wp-block-list\" type=\"a\" start=\"3\">\n<li><strong>Pr\u00e1vo na vymaz\u00e1n\u00ed<\/strong><br>Za ur\u010dit\u00fdch okolnost\u00ed m\u00e1te pr\u00e1vo, abychom va\u0161e osobn\u00ed \u00fadaje vymazali. O jejich vymaz\u00e1n\u00ed n\u00e1s m\u016f\u017eete po\u017e\u00e1dat kdykoliv. Va\u0161e osobn\u00ed \u00fadaje vyma\u017eeme, pokud:\n<ul class=\"wp-block-list\">\n<li>je u\u017e nepot\u0159ebujeme k \u00fa\u010delu, pro kter\u00fd jste n\u00e1m je poskytli;<\/li>\n\n\n\n<li>odvol\u00e1te sv\u016fj souhlas;<\/li>\n\n\n\n<li>nam\u00edt\u00e1te v\u016f\u010di zpracov\u00e1n\u00ed sv\u00fdch osobn\u00edch \u00fadaj\u016f;<\/li>\n\n\n\n<li>zpracov\u00e1v\u00e1me va\u0161e osobn\u00ed \u00fadaje nez\u00e1konn\u011b;<\/li>\n\n\n\n<li>osobn\u00ed \u00fadaje mus\u00ed b\u00fdt vymaz\u00e1ny, aby byla spln\u011bna z\u00e1konn\u00e1 povinnost;<\/li>\n\n\n\n<li>jste d\u00edt\u011b, p\u0159\u00edp. rodi\u010d d\u00edt\u011bte, kter\u00e9 souhlasilo se zpracov\u00e1n\u00edm osobn\u00edch \u00fadaj\u016f p\u0159es internet;<\/li>\n<\/ul>\n<\/li>\n<\/ol>\n\n\n\n<ol class=\"wp-block-list\" type=\"a\" start=\"4\">\n<li><strong>Pr\u00e1vo na omezen\u00ed zpracov\u00e1n\u00ed<\/strong><br>M\u016f\u017eete n\u00e1s po\u017e\u00e1dat, abychom omezili zpracov\u00e1n\u00ed va\u0161ich osobn\u00edch \u00fadaj\u016f. Pokud va\u0161\u00ed \u017e\u00e1dosti vyhov\u00edme, budeme va\u0161e \u00fadaje pouze uchov\u00e1vat a d\u00e1le s nimi pracovat ji\u017e nebudeme. K&nbsp;omezen\u00ed zpracov\u00e1v\u00e1n\u00ed va\u0161ich dat dojde, pokud:\n<ul class=\"wp-block-list\">\n<li>n\u00e1m sd\u011bl\u00edte, \u017ee jsou nespr\u00e1vn\u00e9, a to dokud neov\u011b\u0159\u00edme jejich spr\u00e1vnost;<\/li>\n\n\n\n<li>je zpracov\u00e1v\u00e1me nez\u00e1konn\u011b, av\u0161ak vy nesouhlas\u00edte s jejich vymaz\u00e1n\u00edm a m\u00edsto toho \u017e\u00e1d\u00e1te, abychom zpracov\u00e1n\u00ed va\u0161ich osobn\u00edch \u00fadaj\u016f jen omezili;<\/li>\n\n\n\n<li>je u\u017e nepot\u0159ebujeme, ale pot\u0159ebujete je vy k prok\u00e1z\u00e1n\u00ed, uplat\u0148ov\u00e1n\u00ed nebo obhajov\u00e1n\u00ed sv\u00fdch pr\u00e1v;<\/li>\n\n\n\n<li>nam\u00edt\u00e1te v\u016f\u010di zpracov\u00e1n\u00ed sv\u00fdch osobn\u00edch \u00fadaj\u016f, a to dokud neov\u011b\u0159\u00edme, zda na\u0161e opr\u00e1vn\u011bn\u00e9 z\u00e1jmy p\u0159eva\u017euj\u00ed nad va\u0161imi d\u016fvody.<\/li>\n<\/ul>\n<\/li>\n<\/ol>\n\n\n\n<ol class=\"wp-block-list\" type=\"a\" start=\"5\">\n<li><strong>Pr\u00e1vo na p\u0159enosnost \u00fadaj\u016f<\/strong><br>V z\u00e1konem stanoven\u00fdch p\u0159\u00edpadech m\u00e1te pr\u00e1vo, abychom va\u0161e osobn\u00ed \u00fadaje p\u0159enesli dal\u0161\u00edmu provozovateli. T\u00fdk\u00e1 se to zejm\u00e9na zpracov\u00e1n\u00ed osobn\u00edch \u00fadaj\u016f jsou souhlasem nebo za \u00fa\u010delem pln\u011bn\u00ed smlouvy, pokud jsou zpracov\u00e1v\u00e1ny automatizovan\u00fdmi prost\u0159edky a je to technicky mo\u017en\u00e9.<\/li>\n<\/ol>\n\n\n\n<ol class=\"wp-block-list\" type=\"a\" start=\"6\">\n<li><strong>Pr\u00e1vo nam\u00edtat<\/strong><br>V p\u0159\u00edpadech, kdy va\u0161e osobn\u00ed \u00fadaje zpracov\u00e1v\u00e1me na pr\u00e1vn\u00edm z\u00e1klad\u011b opr\u00e1vn\u011bn\u00e9ho z\u00e1jmu, m\u00e1te pr\u00e1vo nam\u00edtat proti jejich zpracov\u00e1v\u00e1n\u00ed. Pokud neprok\u00e1\u017eeme, \u017ee existuje v\u00e1\u017en\u00fd opr\u00e1vn\u011bn\u00fd d\u016fvod pro jejich zpracov\u00e1n\u00ed, kter\u00fd p\u0159eva\u017euje nad va\u0161imi z\u00e1jmy nebo pr\u00e1vy, zpracov\u00e1n\u00ed osobn\u00edch \u00fadaj\u016f se na z\u00e1klad\u011b va\u0161\u00ed n\u00e1mitky bez zbyte\u010dn\u00e9ho odkladu ukon\u010d\u00ed.<\/li>\n<\/ol>\n\n\n\n<p>Va\u0161i \u017e\u00e1dost, kterou uplat\u0148ujete n\u011bkter\u00e1 z v\u00fd\u0161e uveden\u00fdch pr\u00e1v, n\u00e1m m\u016f\u017eete poslat emailem nebo po\u0161tou na adresu uvedenou v\u00fd\u0161e. V\u0161emi va\u0161imi \u017e\u00e1dostmi se budeme zab\u00fdvat a&nbsp;o&nbsp;v\u00fdsledku jej\u00edho vy\u0159\u00edzen\u00ed v\u00e1s budeme informovat stejn\u00fdm zp\u016fsobem, jak\u00fdm pod\u00e1te \u017e\u00e1dost.<\/p>\n\n\n\n<h2 class=\"wp-block-heading\">Z\u00e1v\u011bre\u010dn\u00e1 ustanoven\u00ed<\/h2>\n\n\n\n<p>Tyto z\u00e1sady ochrany osobn\u00edch \u00fadaj\u016f vstupuj\u00ed v platnost dnem jejich zve\u0159ejn\u011bn\u00ed. Vyhrazujeme si pr\u00e1vo tyto z\u00e1sady zm\u011bnit, pokud dojde ke zm\u011bn\u011b zpracov\u00e1n\u00ed osobn\u00edch \u00fadaj\u016f v na\u0161\u00ed spole\u010dnosti.<\/p>\n","protected":false},"excerpt":{"rendered":"<p>Osobn\u00ed \u00fadaje zpracov\u00e1v\u00e1me v souladu s Na\u0159\u00edzen\u00edm Evropsk\u00e9ho parlamentu a Radou 2016\/679 o ochran\u011b fyzick\u00fdch osob p\u0159i zpracov\u00e1v\u00e1n\u00ed osobn\u00edch \u00fadaj\u016f &#8230;<\/p>\n","protected":false},"author":1,"featured_media":0,"parent":0,"menu_order":200,"comment_status":"closed","ping_status":"closed","template":"","meta":{"powered_cache_disable_cache":false,"footnotes":""},"class_list":["post-10","page","type-page","status-publish","hentry"],"_links":{"self":[{"href":"https:\/\/www.proficon.sk\/cz\/wp-json\/wp\/v2\/pages\/10","targetHints":{"allow":["GET"]}}],"collection":[{"href":"https:\/\/www.proficon.sk\/cz\/wp-json\/wp\/v2\/pages"}],"about":[{"href":"https:\/\/www.proficon.sk\/cz\/wp-json\/wp\/v2\/types\/page"}],"author":[{"embeddable":true,"href":"https:\/\/www.proficon.sk\/cz\/wp-json\/wp\/v2\/users\/1"}],"replies":[{"embeddable":true,"href":"https:\/\/www.proficon.sk\/cz\/wp-json\/wp\/v2\/comments?post=10"}],"version-history":[{"count":3,"href":"https:\/\/www.proficon.sk\/cz\/wp-json\/wp\/v2\/pages\/10\/revisions"}],"predecessor-version":[{"id":508,"href":"https:\/\/www.proficon.sk\/cz\/wp-json\/wp\/v2\/pages\/10\/revisions\/508"}],"wp:attachment":[{"href":"https:\/\/www.proficon.sk\/cz\/wp-json\/wp\/v2\/media?parent=10"}],"curies":[{"name":"wp","href":"https:\/\/api.w.org\/{rel}","templated":true}]}}