{"id":250,"date":"2021-09-21T17:35:38","date_gmt":"2021-09-21T15:35:38","guid":{"rendered":"http:\/\/proficon.monty.com\/?page_id=250"},"modified":"2023-06-06T00:04:11","modified_gmt":"2023-06-05T22:04:11","slug":"spoluprace","status":"publish","type":"page","link":"https:\/\/www.proficon.sk\/cz\/spoluprace\/","title":{"rendered":"Spolupr\u00e1ce"},"content":{"rendered":"\n<section class=\"wp-block-group fy-section fy-section--partners is-layout-flow wp-block-group-is-layout-flow\">\n<header class=\"wp-block-group fy-section__header is-layout-flow wp-block-group-is-layout-flow\">\n<div class=\"wp-block-group fy-section__number is-layout-flow wp-block-group-is-layout-flow\">\n<p class=\"has-text-align-center\">1<\/p>\n<\/div>\n\n\n\n<h2 class=\"wp-block-heading has-text-align-center\"><strong>Sta\u0148te se partnerem<\/strong><\/h2>\n<\/header>\n\n\n\n<div class=\"wp-block-group fy-section__content fy-centerer fy-centerer-75 is-vertical is-content-justification-center is-layout-flex wp-container-core-group-is-layout-3 wp-block-group-is-layout-flex\">\n<p class=\"has-text-align-center\">Architektura se vyv\u00edj\u00ed a neust\u00e1le p\u0159in\u00e1\u0161\u00ed nov\u00e9 trendy. Aktu\u00e1ln\u011b je modern\u00ed nezakr\u00fdvat betonov\u00e9 plochy. P\u016fsob\u00ed to minimalisticky a luxusn\u011b. Proto jsme p\u0159inesli na trh \u0161irokou \u0161k\u00e1lu v\u00fdrobk\u016f z pohledov\u00e9ho betonu, p\u0159i\u010dem\u017e \u017e\u00e1dn\u00fd z nich nevy\u017eaduje fin\u00e1ln\u00ed \u00fapravu. Maj\u00ed toti\u017e speci\u00e1ln\u00ed povrch p\u0159ipom\u00ednaj\u00edc\u00ed mramor, \u010d\u00edm\u017e se odli\u0161uj\u00ed od v\u0161ech ostatn\u00edch produkt\u016f na trhu.<\/p>\n\n\n\n<p class=\"has-text-align-center\"><strong><strong>Roz\u0161i\u0159te va\u0161e portfolio o unik\u00e1tn\u00ed v\u00fdrobky z pohledov\u00e9ho betonu.<\/strong><\/strong><br><strong><strong>Sta\u0148te se na\u0161\u00edm obchodn\u00edm partnerem.<\/strong><\/strong><\/p>\n\n\n\n<div class=\"wp-block-buttons is-horizontal is-content-justification-center is-layout-flex wp-container-core-buttons-is-layout-1 wp-block-buttons-is-layout-flex\">\n<div class=\"wp-block-button\"><a class=\"wp-block-button__link wp-element-button\" href=\"#kontakt\">Chci se st\u00e1t partnerem<\/a><\/div>\n<\/div>\n<\/div>\n<\/section>\n\n\n\n<div class=\"wp-block-cover alignfull fy-section fy-section--partners-block fy-section--gradient\" style=\"padding-top:0px;padding-right:0px;padding-bottom:0px;padding-left:0px\"><span aria-hidden=\"true\" class=\"wp-block-cover__background has-background-dim-0 has-background-dim\"><\/span><img decoding=\"async\" class=\"wp-block-cover__image-background wp-image-389 fy-content__image fy-lazy js-lazy\" alt src=\"data:image\/svg+xml,%3Csvg%20width%3D%221080%22%20height%3D%221080%22%20xmlns%3D%22http:\/\/www.w3.org\/2000\/svg%22%20viewBox%3D%220%200%201080%201080%22%3E%3C\/svg%3E\" data-object-fit=\"cover\" width=\"1080\" height=\"1080\" data-src=\"https:\/\/www.proficon.sk\/cz\/wp-content\/uploads\/sites\/2\/2021\/09\/kruh.png\"><div class=\"fy-image-loading fy-image-loading--skeleton\" aria-hidden=\"true\"><\/div>\n<div class=\"wp-block-cover__inner-container is-layout-flow wp-block-cover-is-layout-flow\">\n<div class=\"wp-block-media-text has-media-on-the-right is-stacked-on-mobile\"><div class=\"wp-block-media-text__content\">\n<h3 class=\"wp-block-heading\">Nab\u00eddn\u011bte na\u0161i jedine\u010dnou tv\u00e1rnici<br>va\u0161im z\u00e1kazn\u00edk\u016fm<\/h3>\n\n\n\n<p>Revolu\u010dn\u00ed tv\u00e1rnice z na\u0161\u00ed d\u00edlny je designov\u00e1 tv\u00e1rnice, kter\u00e1 nevy\u017eaduje pro dokon\u010den\u00ed stavby dal\u0161\u00ed stavebn\u00ed materi\u00e1ly ani pr\u00e1ci nav\u00edc. Nen\u00ed toti\u017e pot\u0159ebn\u00fd penetra\u010dn\u00ed n\u00e1t\u011br, pou\u017eit\u00ed lepidla, v\u00fdztu\u017en\u00e9 s\u00edt\u011b, nan\u00e1\u0161en\u00ed om\u00edtky \u010di barvy. \u0160et\u0159\u00ed tak nemal\u00e9 finan\u010dn\u00ed prost\u0159edky na materi\u00e1l a mno\u017estv\u00ed \u010dasu str\u00e1ven\u00e9ho dokon\u010dovac\u00edmi pracemi.<\/p>\n<\/div><figure class=\"wp-block-media-text__media\"><img decoding=\"async\" width=\"1024\" height=\"768\" src=\"https:\/\/www.proficon.sk\/cz\/wp-content\/uploads\/sites\/2\/2021\/09\/proficon-tvarnica-1024x768.png\" alt=\"Dizajnov\u00e1 tv\u00e1rnica Proficon\" class=\"wp-image-390 size-full fy-content__image fy-lazy js-lazy\" data-src=\"https:\/\/www.proficon.sk\/cz\/wp-content\/uploads\/sites\/2\/2021\/09\/proficon-tvarnica-1024x768.png\" srcset=\"https:\/\/www.proficon.sk\/cz\/wp-content\/uploads\/sites\/2\/2021\/09\/proficon-tvarnica-1024x768.png 1024w, https:\/\/www.proficon.sk\/cz\/wp-content\/uploads\/sites\/2\/2021\/09\/proficon-tvarnica-300x225.png 300w, https:\/\/www.proficon.sk\/cz\/wp-content\/uploads\/sites\/2\/2021\/09\/proficon-tvarnica-768x576.png 768w, https:\/\/www.proficon.sk\/cz\/wp-content\/uploads\/sites\/2\/2021\/09\/proficon-tvarnica-800x600.png 800w, https:\/\/www.proficon.sk\/cz\/wp-content\/uploads\/sites\/2\/2021\/09\/proficon-tvarnica.png 1280w\" sizes=\"(max-width: 1024px) 100vw, 1024px\" \/><div class=\"fy-image-loading fy-image-loading--skeleton\" aria-hidden=\"true\"><\/div>\n<\/figure><\/div>\n<\/div><\/div>\n","protected":false},"excerpt":{"rendered":"<p>1 Sta\u0148te se partnerem Architektura se vyv\u00edj\u00ed a neust\u00e1le p\u0159in\u00e1\u0161\u00ed nov\u00e9 trendy. Aktu\u00e1ln\u011b je modern\u00ed nezakr\u00fdvat betonov\u00e9 plochy. P\u016fsob\u00ed to &#8230;<\/p>\n","protected":false},"author":1,"featured_media":391,"parent":0,"menu_order":40,"comment_status":"closed","ping_status":"closed","template":"template-partners.php","meta":{"powered_cache_disable_cache":false,"footnotes":""},"class_list":["post-250","page","type-page","status-publish","has-post-thumbnail","hentry"],"_links":{"self":[{"href":"https:\/\/www.proficon.sk\/cz\/wp-json\/wp\/v2\/pages\/250","targetHints":{"allow":["GET"]}}],"collection":[{"href":"https:\/\/www.proficon.sk\/cz\/wp-json\/wp\/v2\/pages"}],"about":[{"href":"https:\/\/www.proficon.sk\/cz\/wp-json\/wp\/v2\/types\/page"}],"author":[{"embeddable":true,"href":"https:\/\/www.proficon.sk\/cz\/wp-json\/wp\/v2\/users\/1"}],"replies":[{"embeddable":true,"href":"https:\/\/www.proficon.sk\/cz\/wp-json\/wp\/v2\/comments?post=250"}],"version-history":[{"count":10,"href":"https:\/\/www.proficon.sk\/cz\/wp-json\/wp\/v2\/pages\/250\/revisions"}],"predecessor-version":[{"id":503,"href":"https:\/\/www.proficon.sk\/cz\/wp-json\/wp\/v2\/pages\/250\/revisions\/503"}],"wp:featuredmedia":[{"embeddable":true,"href":"https:\/\/www.proficon.sk\/cz\/wp-json\/wp\/v2\/media\/391"}],"wp:attachment":[{"href":"https:\/\/www.proficon.sk\/cz\/wp-json\/wp\/v2\/media?parent=250"}],"curies":[{"name":"wp","href":"https:\/\/api.w.org\/{rel}","templated":true}]}}